{"id":5,"date":"2016-02-29T16:08:21","date_gmt":"2016-02-29T16:08:21","guid":{"rendered":"http:\/\/stockholm1.select-themes.com\/?page_id=5"},"modified":"2021-11-25T14:45:06","modified_gmt":"2021-11-25T13:45:06","slug":"home-main","status":"publish","type":"page","link":"https:\/\/elyseesbiarritz.com\/index.php\/home-main\/","title":{"rendered":"Elys\u00e9es Biarritz"},"content":{"rendered":"<p>[vc_row row_type=\u00a0\u00bbrow\u00a0\u00bb use_row_as_full_screen_section=\u00a0\u00bbno\u00a0\u00bb type=\u00a0\u00bbfull_width\u00a0\u00bb text_align=\u00a0\u00bbcenter\u00a0\u00bb background_animation=\u00a0\u00bbnone\u00a0\u00bb css_animation=\u00a0\u00bb\u00a0\u00bb css=\u00a0\u00bb.vc_custom_1521622589748{padding-top: 2% !important;}\u00a0\u00bb][vc_column][vc_empty_space height=\u00a0\u00bb100px\u00a0\u00bb][vc_single_image image=\u00a0\u00bb262&Prime; img_size=\u00a0\u00bbfull\u00a0\u00bb alignment=\u00a0\u00bbcenter\u00a0\u00bb qode_css_animation=\u00a0\u00bb\u00a0\u00bb][\/vc_column][\/vc_row][vc_row row_type=\u00a0\u00bbrow\u00a0\u00bb use_row_as_full_screen_section=\u00a0\u00bbno\u00a0\u00bb type=\u00a0\u00bbgrid\u00a0\u00bb text_align=\u00a0\u00bbleft\u00a0\u00bb background_animation=\u00a0\u00bbnone\u00a0\u00bb css_animation=\u00a0\u00bb\u00a0\u00bb css=\u00a0\u00bb.vc_custom_1518027162876{padding-top: 2% !important;}\u00a0\u00bb][vc_column][vc_empty_space height=\u00a0\u00bb45px\u00a0\u00bb][vc_column_text]<\/p>\n<h2 style=\"text-align: center;\">L&rsquo;Elys\u00e9es Biarritz,<\/h2>\n<h2 style=\"text-align: center;\">comme neuf !<\/h2>\n<p>[\/vc_column_text][vc_empty_space height=\u00a0\u00bb45px\u00a0\u00bb][vc_column_text]<\/p>\n<p style=\"text-align: justify;\">\u00c0 deux pas des l\u00e9gendaires Champs-Elys\u00e9es, ce cin\u00e9ma est une r\u00e9f\u00e9rence dans le petit monde du 7\u00e8me Art, \u00e0 commencer par les grands cin\u00e9astes eux-m\u00eames qui sont les premiers fid\u00e8les\u00a0: un succ\u00e8s expliqu\u00e9 par la qualit\u00e9 de la projection et le cachet de l\u2019adresse. L\u2019Elys\u00e9es Biarritz regroupe une salle de projection, id\u00e9ale pour des avant-premi\u00e8res d\u2019entreprise ou des diffusions en 3D, et une salle de r\u00e9ception conviviale et modulable : la Rotonde.<\/p>\n<p>[\/vc_column_text][vc_column_text]<\/p>\n<p style=\"text-align: justify;\"><a href=\"mailto:commercial@elyseesbiarritz.com\">Demandez d\u00e8s maintenant un devis !<\/a><\/p>\n<p>[\/vc_column_text][vc_empty_space height=\u00a0\u00bb70px\u00a0\u00bb][vc_column_text]<\/p>\n<p style=\"text-align: center;\"><strong>Nouveaut\u00e9s techniques<\/strong><\/p>\n<p style=\"text-align: justify;\">240 fauteuils, Ports USB int\u00e9gr\u00e9s aux si\u00e8ges, Ecran de 7m30 x 4m, Sc\u00e8ne de 10m70 x 3m40, Son cin\u00e9ma Dolby ATMOS, Son conf\u00e9rence ind\u00e9pendant, M\u00e9langeur, multi-couches HR Saphyr Analog Way, Projecteur Christie 4K, Ecrans de signal\u00e9tique dans l\u2019ensemble du lieu, Mise en lumi\u00e8re de La Rotonde, Sc\u00e8ne avec \u00e9cran et VP dans la salle de r\u00e9ception&#8230;<\/p>\n<p>[\/vc_column_text][vc_empty_space height=\u00a0\u00bb70px\u00a0\u00bb][\/vc_column][\/vc_row][vc_row row_type=\u00a0\u00bbparallax\u00a0\u00bb text_align=\u00a0\u00bbcenter\u00a0\u00bb background_image=\u00a0\u00bb261&Prime; full_screen_section_height=\u00a0\u00bbno\u00a0\u00bb css=\u00a0\u00bb.vc_custom_1538634204986{padding-top: 115px !important;padding-bottom: 115px !important;}\u00a0\u00bb][vc_column][vc_empty_space height=\u00a0\u00bb800px\u00a0\u00bb][\/vc_column][\/vc_row][vc_row row_type=\u00a0\u00bbrow\u00a0\u00bb use_row_as_full_screen_section=\u00a0\u00bbno\u00a0\u00bb type=\u00a0\u00bbgrid\u00a0\u00bb text_align=\u00a0\u00bbleft\u00a0\u00bb background_animation=\u00a0\u00bbnone\u00a0\u00bb css_animation=\u00a0\u00bb\u00a0\u00bb css=\u00a0\u00bb.vc_custom_1518027162876{padding-top: 2% !important;}\u00a0\u00bb][vc_column][vc_empty_space height=\u00a0\u00bb20px\u00a0\u00bb][vc_separator type=\u00a0\u00bbnormal\u00a0\u00bb color=\u00a0\u00bb#000000&Prime; border_style=\u00a0\u00bb\u00a0\u00bb][vc_empty_space height=\u00a0\u00bb20px\u00a0\u00bb][vc_empty_space height=\u00a0\u00bb20px\u00a0\u00bb][vc_column_text]<\/p>\n<h2 style=\"text-align: center;\"><span style=\"color: #000000;\">Tarifs &amp; Formules<\/span><\/h2>\n<p>[\/vc_column_text][vc_empty_space height=\u00a0\u00bb20px\u00a0\u00bb][vc_row_inner row_type=\u00a0\u00bbrow\u00a0\u00bb type=\u00a0\u00bbgrid\u00a0\u00bb use_row_as_full_screen_section_slide=\u00a0\u00bbno\u00a0\u00bb text_align=\u00a0\u00bbcenter\u00a0\u00bb css_animation=\u00a0\u00bb\u00a0\u00bb][vc_column_inner][vc_empty_space height=\u00a0\u00bb20px\u00a0\u00bb][vc_column_text]<\/p>\n<h4 style=\"text-align: center;\"><span style=\"color: #000000;\"><strong><img loading=\"lazy\" decoding=\"async\" class=\"alignnone size-medium wp-image-265\" src=\"http:\/\/elyseesbiarritz.com\/wp-content\/uploads\/2018\/10\/WB_PICTURES_COLOR-copie.png\" alt=\"\" width=\"100\" height=\"96\" \/><\/strong><\/span><\/h4>\n<h4 style=\"text-align: center;\"><span style=\"color: #000000;\"><strong>Soir\u00e9e cin\u00e9ma Warner Bros<\/strong><\/span><\/h4>\n<p>&nbsp;<\/p>\n<ul style=\"text-align: center;\">\n<li style=\"text-align: center;\">Locatif de 19h00 \u00e0 23h00<\/li>\n<li>Copie d&rsquo;un film au choix dans le catalogue Warner Bros<\/li>\n<li>1 h\u00f4tesse d&rsquo;accueil, tapis rouge &amp; \u00e9clairages cin\u00e9ma<\/li>\n<li>Cocktail 20 pi\u00e8ces Fooding by Kaspia R\u00e9ceptions<\/li>\n<li>1 agent de s\u00e9curit\u00e9, 1 projectionniste, 1 coordinateur d&rsquo;\u00e9v\u00e9nement<\/li>\n<\/ul>\n<p>&nbsp;<\/p>\n<p style=\"text-align: center;\"><span style=\"color: #000000;\"><em>A partir de 120\u20ac HT \/ personne*<\/em><\/span><\/p>\n<p>[\/vc_column_text][vc_empty_space height=\u00a0\u00bb20px\u00a0\u00bb][qbutton target=\u00a0\u00bb_self\u00a0\u00bb font_weight=\u00a0\u00bb\u00a0\u00bb text=\u00a0\u00bbD\u00e9couvrir\u00a0\u00bb link=\u00a0\u00bbhttps:\/\/www.moma-selection.com\/fr\/lieu-evenementiel\/elysees-biarritz\u00a0\u00bb][vc_empty_space height=\u00a0\u00bb20px\u00a0\u00bb][vc_column_text]<\/p>\n<p style=\"text-align: center;\"><span style=\"color: #333333;\"><em>*Sur la base de 240 personnes. Les tarifs sont \u00e9labor\u00e9s avec locatif, la restauration et boissons, le personnel de service, le mat\u00e9riel.<\/em><\/span><\/p>\n<p style=\"text-align: center;\"><span style=\"color: #333333;\"><em>Hors \u00e9ventuel personnel d&rsquo;accueil et de s\u00e9curit\u00e9 ou tout autre option. Tarif \u00e0 partir de.<\/em><\/span><\/p>\n<p style=\"text-align: center;\"><span style=\"color: #333333;\"><em>Un devis sur mesure sera \u00e9tablit par la suite.<\/em><\/span><\/p>\n<p>[\/vc_column_text][vc_empty_space height=\u00a0\u00bb20px\u00a0\u00bb][\/vc_column_inner][\/vc_row_inner][vc_empty_space height=\u00a0\u00bb20px\u00a0\u00bb][vc_empty_space height=\u00a0\u00bb20px\u00a0\u00bb][vc_empty_space height=\u00a0\u00bb20px\u00a0\u00bb][vc_separator type=\u00a0\u00bbnormal\u00a0\u00bb color=\u00a0\u00bb#000000&Prime; border_style=\u00a0\u00bb\u00a0\u00bb][vc_empty_space height=\u00a0\u00bb20px\u00a0\u00bb][\/vc_column][\/vc_row][vc_row row_type=\u00a0\u00bbrow\u00a0\u00bb use_row_as_full_screen_section=\u00a0\u00bbno\u00a0\u00bb type=\u00a0\u00bbgrid\u00a0\u00bb text_align=\u00a0\u00bbleft\u00a0\u00bb background_animation=\u00a0\u00bbnone\u00a0\u00bb css_animation=\u00a0\u00bb\u00a0\u00bb css=\u00a0\u00bb.vc_custom_1518027162876{padding-top: 2% !important;}\u00a0\u00bb][vc_column][vc_empty_space height=\u00a0\u00bb20px\u00a0\u00bb][vc_row_inner row_type=\u00a0\u00bbrow\u00a0\u00bb type=\u00a0\u00bbfull_width\u00a0\u00bb use_row_as_full_screen_section_slide=\u00a0\u00bbno\u00a0\u00bb text_align=\u00a0\u00bbleft\u00a0\u00bb css_animation=\u00a0\u00bb\u00a0\u00bb][vc_column_inner width=\u00a0\u00bb1\/3&Prime;][vc_column_text]<\/p>\n<h5 style=\"text-align: center;\"><img loading=\"lazy\" decoding=\"async\" class=\"alignnone size-full wp-image-303\" src=\"http:\/\/hotelmonabismarck.com\/wp-content\/uploads\/2018\/02\/Capture-d\u2019\u00e9cran-2018-02-09-\u00e0-15.36.42.png\" alt=\"\" width=\"66\" height=\"62\" \/><\/h5>\n<h5 style=\"text-align: center;\">Cocktail<\/h5>\n<p style=\"text-align: center;\"><strong>Jusqu&rsquo;\u00e0 400 personnes<\/strong><\/p>\n<p>[\/vc_column_text][vc_empty_space height=\u00a0\u00bb70px\u00a0\u00bb][vc_empty_space height=\u00a0\u00bb20px\u00a0\u00bb][\/vc_column_inner][vc_column_inner width=\u00a0\u00bb1\/3&Prime;][vc_column_text]<\/p>\n<h5 style=\"text-align: center;\"><img loading=\"lazy\" decoding=\"async\" class=\"alignnone size-full wp-image-302\" src=\"http:\/\/hotelmonabismarck.com\/wp-content\/uploads\/2018\/02\/Capture-d\u2019\u00e9cran-2018-02-09-\u00e0-15.37.01.png\" alt=\"\" width=\"65\" height=\"62\" \/><\/h5>\n<h5 style=\"text-align: center;\">D\u00eener<\/h5>\n<p style=\"text-align: center;\"><strong>Jusqu&rsquo;\u00e0 220 personnes<\/strong><\/p>\n<p>[\/vc_column_text][vc_empty_space height=\u00a0\u00bb70px\u00a0\u00bb][vc_empty_space height=\u00a0\u00bb20px\u00a0\u00bb][\/vc_column_inner][vc_column_inner width=\u00a0\u00bb1\/3&Prime;][vc_column_text]<\/p>\n<h5 style=\"text-align: center;\"><img loading=\"lazy\" decoding=\"async\" class=\"alignnone size-full wp-image-301\" src=\"http:\/\/hotelmonabismarck.com\/wp-content\/uploads\/2018\/02\/Capture-d\u2019\u00e9cran-2018-02-09-\u00e0-15.37.10.png\" alt=\"\" width=\"66\" height=\"62\" \/><\/h5>\n<h5 style=\"text-align: center;\">Conf\u00e9rence<\/h5>\n<p style=\"text-align: center;\"><strong>Jusqu&rsquo;\u00e0 240 personnes<\/strong><\/p>\n<p>[\/vc_column_text][vc_empty_space height=\u00a0\u00bb70px\u00a0\u00bb][vc_empty_space height=\u00a0\u00bb20px\u00a0\u00bb][\/vc_column_inner][\/vc_row_inner][\/vc_column][\/vc_row][vc_row row_type=\u00a0\u00bbparallax\u00a0\u00bb text_align=\u00a0\u00bbcenter\u00a0\u00bb full_screen_section_height=\u00a0\u00bbno\u00a0\u00bb css=\u00a0\u00bb.vc_custom_1528273951224{padding-top: 115px !important;padding-bottom: 115px !important;}\u00a0\u00bb][vc_column][vc_column_text]<\/p>\n<p style=\"text-align: center;\"><a id=\"conditions\" name=\"conditions\"><\/a><img loading=\"lazy\" decoding=\"async\" class=\"alignnone size-medium wp-image-309\" src=\"http:\/\/hotelmonabismarck.com\/wp-content\/uploads\/2018\/03\/moma-selection-300x67.png\" alt=\"\" width=\"300\" height=\"67\" \/><\/p>\n<p>[\/vc_column_text][vc_empty_space height=\u00a0\u00bb12px\u00a0\u00bb][vc_empty_space height=\u00a0\u00bb12px\u00a0\u00bb][vc_column_text]<\/p>\n<h2 style=\"text-align: center;\"><span style=\"color: #000000;\">Locations &amp; Privatisations<\/span><\/h2>\n<p>[\/vc_column_text][vc_empty_space][vc_column_text]<\/p>\n<p style=\"text-align: justify;\"><span style=\"color: #000000;\">MOMA S\u00c9LECTION est une r\u00e9gie commerciale de 15 lieux prestigieux \u00e0 louer au c\u0153ur de Paris. Enti\u00e8rement modulables et privatisables, nos lieux se partagent des emplacements in\u00e9dits pour des r\u00e9ceptions de 12 \u00e0 3500 personnes. Notre plateforme centralise toutes les demandes de privatisation pour des \u00e9v\u00e9nements priv\u00e9s et d&rsquo;entreprise tout en proposant une gamme compl\u00e8te de prestations int\u00e9gr\u00e9es : restauration, technique, \u00e9quipe d\u2019accueil, animation, conseil\u2026 Restaurants, cabaret, salle de concert, cin\u00e9ma, salons Haussmanniens\u2026 Autant de diversit\u00e9 de cadres et de concepts au c\u0153ur de Paris o\u00f9 confier l\u2019organisation et la gestion de vos \u00e9v\u00e9nements sur mesure : lancement de produits, conf\u00e9rence, cocktail, soir\u00e9e, d\u00eener de gala, concert priv\u00e9, projection \u2026<\/span><\/p>\n<p>[\/vc_column_text][vc_empty_space height=\u00a0\u00bb70px\u00a0\u00bb][vc_empty_space height=\u00a0\u00bb20px\u00a0\u00bb][vc_column_text]<\/p>\n<h2 style=\"text-align: center;\"><span style=\"color: #000000;\">Les traiteurs int\u00e9gr\u00e9s<\/span><\/h2>\n<p>[\/vc_column_text][vc_empty_space][vc_row_inner row_type=\u00a0\u00bbrow\u00a0\u00bb type=\u00a0\u00bbfull_width\u00a0\u00bb use_row_as_full_screen_section_slide=\u00a0\u00bbno\u00a0\u00bb text_align=\u00a0\u00bbleft\u00a0\u00bb css_animation=\u00a0\u00bb\u00a0\u00bb][vc_column_inner width=\u00a0\u00bb1\/4&Prime;][\/vc_column_inner][vc_column_inner width=\u00a0\u00bb1\/4&Prime;][vc_empty_space][vc_single_image image=\u00a0\u00bb216&Prime; img_size=\u00a0\u00bblarge\u00a0\u00bb alignment=\u00a0\u00bbcenter\u00a0\u00bb qode_css_animation=\u00a0\u00bb\u00a0\u00bb][vc_empty_space height=\u00a0\u00bb70px\u00a0\u00bb][\/vc_column_inner][vc_column_inner width=\u00a0\u00bb1\/4&Prime;][vc_empty_space][vc_single_image image=\u00a0\u00bb217&Prime; alignment=\u00a0\u00bbcenter\u00a0\u00bb qode_css_animation=\u00a0\u00bb\u00a0\u00bb][vc_empty_space height=\u00a0\u00bb70px\u00a0\u00bb][\/vc_column_inner][vc_column_inner width=\u00a0\u00bb1\/4&Prime;][\/vc_column_inner][\/vc_row_inner][\/vc_column][\/vc_row][vc_row row_type=\u00a0\u00bbrow\u00a0\u00bb use_row_as_full_screen_section=\u00a0\u00bbno\u00a0\u00bb type=\u00a0\u00bbfull_width\u00a0\u00bb text_align=\u00a0\u00bbleft\u00a0\u00bb background_animation=\u00a0\u00bbnone\u00a0\u00bb css_animation=\u00a0\u00bb\u00a0\u00bb][vc_column][vc_empty_space][\/vc_column][\/vc_row]<\/p>\n","protected":false},"excerpt":{"rendered":"<p>[vc_row row_type=\u00a0\u00bbrow\u00a0\u00bb use_row_as_full_screen_section=\u00a0\u00bbno\u00a0\u00bb type=\u00a0\u00bbfull_width\u00a0\u00bb text_align=\u00a0\u00bbcenter\u00a0\u00bb background_animation=\u00a0\u00bbnone\u00a0\u00bb css_animation=\u00a0\u00bb\u00a0\u00bb css=\u00a0\u00bb.vc_custom_1521622589748{padding-top: 2% !important;}\u00a0\u00bb][vc_column][vc_empty_space height=\u00a0\u00bb100px\u00a0\u00bb][vc_single_image image=\u00a0\u00bb262&Prime; img_size=\u00a0\u00bbfull\u00a0\u00bb alignment=\u00a0\u00bbcenter\u00a0\u00bb qode_css_animation=\u00a0\u00bb\u00a0\u00bb][\/vc_column][\/vc_row][vc_row row_type=\u00a0\u00bbrow\u00a0\u00bb use_row_as_full_screen_section=\u00a0\u00bbno\u00a0\u00bb type=\u00a0\u00bbgrid\u00a0\u00bb text_align=\u00a0\u00bbleft\u00a0\u00bb background_animation=\u00a0\u00bbnone\u00a0\u00bb css_animation=\u00a0\u00bb\u00a0\u00bb css=\u00a0\u00bb.vc_custom_1518027162876{padding-top: 2% !important;}\u00a0\u00bb][vc_column][vc_empty_space height=\u00a0\u00bb45px\u00a0\u00bb][vc_column_text] L&rsquo;Elys\u00e9es Biarritz, comme neuf ! [\/vc_column_text][vc_empty_space height=\u00a0\u00bb45px\u00a0\u00bb][vc_column_text] \u00c0 deux pas des l\u00e9gendaires Champs-Elys\u00e9es, ce cin\u00e9ma est une r\u00e9f\u00e9rence dans le petit monde du 7\u00e8me Art, \u00e0 commencer par les grands [&hellip;]<\/p>\n","protected":false},"author":3,"featured_media":0,"parent":0,"menu_order":0,"comment_status":"closed","ping_status":"closed","template":"full_width.php","meta":{"_et_pb_use_builder":"","_et_pb_old_content":"","_et_gb_content_width":"","footnotes":""},"class_list":["post-5","page","type-page","status-publish","hentry"],"yoast_head":"<!-- This site is optimized with the Yoast SEO plugin v26.8 - https:\/\/yoast.com\/product\/yoast-seo-wordpress\/ -->\n<title>Elys\u00e9es Biarritz - Elys\u00e9es Biarritz<\/title>\n<meta name=\"robots\" content=\"index, follow, max-snippet:-1, max-image-preview:large, max-video-preview:-1\" \/>\n<link rel=\"canonical\" href=\"https:\/\/elyseesbiarritz.com\/index.php\/home-main\/\" \/>\n<meta property=\"og:locale\" content=\"fr_FR\" \/>\n<meta property=\"og:type\" content=\"article\" \/>\n<meta property=\"og:title\" content=\"Elys\u00e9es Biarritz - Elys\u00e9es Biarritz\" \/>\n<meta property=\"og:description\" content=\"[vc_row row_type=\u00a0\u00bbrow\u00a0\u00bb use_row_as_full_screen_section=\u00a0\u00bbno\u00a0\u00bb type=\u00a0\u00bbfull_width\u00a0\u00bb text_align=\u00a0\u00bbcenter\u00a0\u00bb background_animation=\u00a0\u00bbnone\u00a0\u00bb css_animation=\u00a0\u00bb\u00a0\u00bb css=\u00a0\u00bb.vc_custom_1521622589748{padding-top: 2% !important;}\u00a0\u00bb][vc_column][vc_empty_space height=\u00a0\u00bb100px\u00a0\u00bb][vc_single_image image=\u00a0\u00bb262&Prime; img_size=\u00a0\u00bbfull\u00a0\u00bb alignment=\u00a0\u00bbcenter\u00a0\u00bb qode_css_animation=\u00a0\u00bb\u00a0\u00bb][\/vc_column][\/vc_row][vc_row row_type=\u00a0\u00bbrow\u00a0\u00bb use_row_as_full_screen_section=\u00a0\u00bbno\u00a0\u00bb type=\u00a0\u00bbgrid\u00a0\u00bb text_align=\u00a0\u00bbleft\u00a0\u00bb background_animation=\u00a0\u00bbnone\u00a0\u00bb css_animation=\u00a0\u00bb\u00a0\u00bb css=\u00a0\u00bb.vc_custom_1518027162876{padding-top: 2% !important;}\u00a0\u00bb][vc_column][vc_empty_space height=\u00a0\u00bb45px\u00a0\u00bb][vc_column_text] L&rsquo;Elys\u00e9es Biarritz, comme neuf ! [\/vc_column_text][vc_empty_space height=\u00a0\u00bb45px\u00a0\u00bb][vc_column_text] \u00c0 deux pas des l\u00e9gendaires Champs-Elys\u00e9es, ce cin\u00e9ma est une r\u00e9f\u00e9rence dans le petit monde du 7\u00e8me Art, \u00e0 commencer par les grands [&hellip;]\" \/>\n<meta property=\"og:url\" content=\"https:\/\/elyseesbiarritz.com\/index.php\/home-main\/\" \/>\n<meta property=\"og:site_name\" content=\"Elys\u00e9es Biarritz\" \/>\n<meta property=\"article:modified_time\" content=\"2021-11-25T13:45:06+00:00\" \/>\n<meta property=\"og:image\" content=\"http:\/\/elyseesbiarritz.com\/wp-content\/uploads\/2018\/10\/WB_PICTURES_COLOR-copie.png\" \/>\n<meta name=\"twitter:card\" content=\"summary_large_image\" \/>\n<meta name=\"twitter:label1\" content=\"Dur\u00e9e de lecture estim\u00e9e\" \/>\n\t<meta name=\"twitter:data1\" content=\"5 minutes\" \/>\n<script type=\"application\/ld+json\" class=\"yoast-schema-graph\">{\"@context\":\"https:\/\/schema.org\",\"@graph\":[{\"@type\":\"WebPage\",\"@id\":\"https:\/\/elyseesbiarritz.com\/index.php\/home-main\/\",\"url\":\"https:\/\/elyseesbiarritz.com\/index.php\/home-main\/\",\"name\":\"Elys\u00e9es Biarritz - Elys\u00e9es Biarritz\",\"isPartOf\":{\"@id\":\"https:\/\/elyseesbiarritz.com\/#website\"},\"primaryImageOfPage\":{\"@id\":\"https:\/\/elyseesbiarritz.com\/index.php\/home-main\/#primaryimage\"},\"image\":{\"@id\":\"https:\/\/elyseesbiarritz.com\/index.php\/home-main\/#primaryimage\"},\"thumbnailUrl\":\"http:\/\/elyseesbiarritz.com\/wp-content\/uploads\/2018\/10\/WB_PICTURES_COLOR-copie.png\",\"datePublished\":\"2016-02-29T16:08:21+00:00\",\"dateModified\":\"2021-11-25T13:45:06+00:00\",\"breadcrumb\":{\"@id\":\"https:\/\/elyseesbiarritz.com\/index.php\/home-main\/#breadcrumb\"},\"inLanguage\":\"fr-FR\",\"potentialAction\":[{\"@type\":\"ReadAction\",\"target\":[\"https:\/\/elyseesbiarritz.com\/index.php\/home-main\/\"]}]},{\"@type\":\"ImageObject\",\"inLanguage\":\"fr-FR\",\"@id\":\"https:\/\/elyseesbiarritz.com\/index.php\/home-main\/#primaryimage\",\"url\":\"https:\/\/elyseesbiarritz.com\/wp-content\/uploads\/2018\/10\/WB_PICTURES_COLOR-copie.png\",\"contentUrl\":\"https:\/\/elyseesbiarritz.com\/wp-content\/uploads\/2018\/10\/WB_PICTURES_COLOR-copie.png\",\"width\":100,\"height\":96},{\"@type\":\"BreadcrumbList\",\"@id\":\"https:\/\/elyseesbiarritz.com\/index.php\/home-main\/#breadcrumb\",\"itemListElement\":[{\"@type\":\"ListItem\",\"position\":1,\"name\":\"Home\",\"item\":\"https:\/\/elyseesbiarritz.com\/\"},{\"@type\":\"ListItem\",\"position\":2,\"name\":\"Elys\u00e9es Biarritz\"}]},{\"@type\":\"WebSite\",\"@id\":\"https:\/\/elyseesbiarritz.com\/#website\",\"url\":\"https:\/\/elyseesbiarritz.com\/\",\"name\":\"Elys\u00e9es Biarritz\",\"description\":\"Salle de projection Champs Elys\u00e9es\",\"potentialAction\":[{\"@type\":\"SearchAction\",\"target\":{\"@type\":\"EntryPoint\",\"urlTemplate\":\"https:\/\/elyseesbiarritz.com\/?s={search_term_string}\"},\"query-input\":{\"@type\":\"PropertyValueSpecification\",\"valueRequired\":true,\"valueName\":\"search_term_string\"}}],\"inLanguage\":\"fr-FR\"}]}<\/script>\n<!-- \/ Yoast SEO plugin. -->","yoast_head_json":{"title":"Elys\u00e9es Biarritz - Elys\u00e9es Biarritz","robots":{"index":"index","follow":"follow","max-snippet":"max-snippet:-1","max-image-preview":"max-image-preview:large","max-video-preview":"max-video-preview:-1"},"canonical":"https:\/\/elyseesbiarritz.com\/index.php\/home-main\/","og_locale":"fr_FR","og_type":"article","og_title":"Elys\u00e9es Biarritz - Elys\u00e9es Biarritz","og_description":"[vc_row row_type=\u00a0\u00bbrow\u00a0\u00bb use_row_as_full_screen_section=\u00a0\u00bbno\u00a0\u00bb type=\u00a0\u00bbfull_width\u00a0\u00bb text_align=\u00a0\u00bbcenter\u00a0\u00bb background_animation=\u00a0\u00bbnone\u00a0\u00bb css_animation=\u00a0\u00bb\u00a0\u00bb css=\u00a0\u00bb.vc_custom_1521622589748{padding-top: 2% !important;}\u00a0\u00bb][vc_column][vc_empty_space height=\u00a0\u00bb100px\u00a0\u00bb][vc_single_image image=\u00a0\u00bb262&Prime; img_size=\u00a0\u00bbfull\u00a0\u00bb alignment=\u00a0\u00bbcenter\u00a0\u00bb qode_css_animation=\u00a0\u00bb\u00a0\u00bb][\/vc_column][\/vc_row][vc_row row_type=\u00a0\u00bbrow\u00a0\u00bb use_row_as_full_screen_section=\u00a0\u00bbno\u00a0\u00bb type=\u00a0\u00bbgrid\u00a0\u00bb text_align=\u00a0\u00bbleft\u00a0\u00bb background_animation=\u00a0\u00bbnone\u00a0\u00bb css_animation=\u00a0\u00bb\u00a0\u00bb css=\u00a0\u00bb.vc_custom_1518027162876{padding-top: 2% !important;}\u00a0\u00bb][vc_column][vc_empty_space height=\u00a0\u00bb45px\u00a0\u00bb][vc_column_text] L&rsquo;Elys\u00e9es Biarritz, comme neuf ! [\/vc_column_text][vc_empty_space height=\u00a0\u00bb45px\u00a0\u00bb][vc_column_text] \u00c0 deux pas des l\u00e9gendaires Champs-Elys\u00e9es, ce cin\u00e9ma est une r\u00e9f\u00e9rence dans le petit monde du 7\u00e8me Art, \u00e0 commencer par les grands [&hellip;]","og_url":"https:\/\/elyseesbiarritz.com\/index.php\/home-main\/","og_site_name":"Elys\u00e9es Biarritz","article_modified_time":"2021-11-25T13:45:06+00:00","og_image":[{"url":"http:\/\/elyseesbiarritz.com\/wp-content\/uploads\/2018\/10\/WB_PICTURES_COLOR-copie.png","type":"","width":"","height":""}],"twitter_card":"summary_large_image","twitter_misc":{"Dur\u00e9e de lecture estim\u00e9e":"5 minutes"},"schema":{"@context":"https:\/\/schema.org","@graph":[{"@type":"WebPage","@id":"https:\/\/elyseesbiarritz.com\/index.php\/home-main\/","url":"https:\/\/elyseesbiarritz.com\/index.php\/home-main\/","name":"Elys\u00e9es Biarritz - Elys\u00e9es Biarritz","isPartOf":{"@id":"https:\/\/elyseesbiarritz.com\/#website"},"primaryImageOfPage":{"@id":"https:\/\/elyseesbiarritz.com\/index.php\/home-main\/#primaryimage"},"image":{"@id":"https:\/\/elyseesbiarritz.com\/index.php\/home-main\/#primaryimage"},"thumbnailUrl":"http:\/\/elyseesbiarritz.com\/wp-content\/uploads\/2018\/10\/WB_PICTURES_COLOR-copie.png","datePublished":"2016-02-29T16:08:21+00:00","dateModified":"2021-11-25T13:45:06+00:00","breadcrumb":{"@id":"https:\/\/elyseesbiarritz.com\/index.php\/home-main\/#breadcrumb"},"inLanguage":"fr-FR","potentialAction":[{"@type":"ReadAction","target":["https:\/\/elyseesbiarritz.com\/index.php\/home-main\/"]}]},{"@type":"ImageObject","inLanguage":"fr-FR","@id":"https:\/\/elyseesbiarritz.com\/index.php\/home-main\/#primaryimage","url":"https:\/\/elyseesbiarritz.com\/wp-content\/uploads\/2018\/10\/WB_PICTURES_COLOR-copie.png","contentUrl":"https:\/\/elyseesbiarritz.com\/wp-content\/uploads\/2018\/10\/WB_PICTURES_COLOR-copie.png","width":100,"height":96},{"@type":"BreadcrumbList","@id":"https:\/\/elyseesbiarritz.com\/index.php\/home-main\/#breadcrumb","itemListElement":[{"@type":"ListItem","position":1,"name":"Home","item":"https:\/\/elyseesbiarritz.com\/"},{"@type":"ListItem","position":2,"name":"Elys\u00e9es Biarritz"}]},{"@type":"WebSite","@id":"https:\/\/elyseesbiarritz.com\/#website","url":"https:\/\/elyseesbiarritz.com\/","name":"Elys\u00e9es Biarritz","description":"Salle de projection Champs Elys\u00e9es","potentialAction":[{"@type":"SearchAction","target":{"@type":"EntryPoint","urlTemplate":"https:\/\/elyseesbiarritz.com\/?s={search_term_string}"},"query-input":{"@type":"PropertyValueSpecification","valueRequired":true,"valueName":"search_term_string"}}],"inLanguage":"fr-FR"}]}},"_links":{"self":[{"href":"https:\/\/elyseesbiarritz.com\/index.php\/wp-json\/wp\/v2\/pages\/5","targetHints":{"allow":["GET"]}}],"collection":[{"href":"https:\/\/elyseesbiarritz.com\/index.php\/wp-json\/wp\/v2\/pages"}],"about":[{"href":"https:\/\/elyseesbiarritz.com\/index.php\/wp-json\/wp\/v2\/types\/page"}],"author":[{"embeddable":true,"href":"https:\/\/elyseesbiarritz.com\/index.php\/wp-json\/wp\/v2\/users\/3"}],"replies":[{"embeddable":true,"href":"https:\/\/elyseesbiarritz.com\/index.php\/wp-json\/wp\/v2\/comments?post=5"}],"version-history":[{"count":28,"href":"https:\/\/elyseesbiarritz.com\/index.php\/wp-json\/wp\/v2\/pages\/5\/revisions"}],"predecessor-version":[{"id":287,"href":"https:\/\/elyseesbiarritz.com\/index.php\/wp-json\/wp\/v2\/pages\/5\/revisions\/287"}],"wp:attachment":[{"href":"https:\/\/elyseesbiarritz.com\/index.php\/wp-json\/wp\/v2\/media?parent=5"}],"curies":[{"name":"wp","href":"https:\/\/api.w.org\/{rel}","templated":true}]}}